{"id":1198,"date":"2021-12-15T12:14:46","date_gmt":"2021-12-15T11:14:46","guid":{"rendered":"https:\/\/ewias.de\/WWW\/?page_id=1198"},"modified":"2025-11-18T15:05:39","modified_gmt":"2025-11-18T14:05:39","slug":"preisanfrage","status":"publish","type":"page","link":"https:\/\/ewias.de\/WWW\/preisanfrage\/","title":{"rendered":"UNVERBINDLICHE PREISANFRAGE"},"content":{"rendered":"\n<p><strong>Unverbindliche Preisanfrage<\/strong><\/p>\n\n\n\n<p>Sie haben Intresse an einem unerer Artikel und m\u00f6chten gerne Ihren Einkaufspreis sowie die Lieferzeit erfahren? Erhalten Sie Ihren besten Preis an Ihre Email-Adresse, indem Sie das folgende Formular<br>entsprechend ausf\u00fcllen.<br><\/p>\n\n\n<div class=\"wpforms-container wpforms-container-full wpforms-block wpforms-block-0feb106e-6594-4b5a-a8e1-248d34a9b8d9\" id=\"wpforms-1196\"><form id=\"wpforms-form-1196\" class=\"wpforms-validate wpforms-form wpforms-ajax-form\" data-formid=\"1196\" method=\"post\" enctype=\"multipart\/form-data\" action=\"\/WWW\/wp-json\/wp\/v2\/pages\/1198\" data-token=\"b3c23f0c39c47098e61f65c600d2be5f\" data-token-time=\"1778848723\"><noscript class=\"wpforms-error-noscript\">Bitte aktiviere JavaScript in deinem Browser, um dieses Formular fertigzustellen.<\/noscript><div class=\"wpforms-field-container\"><div id=\"wpforms-1196-field_0-container\" class=\"wpforms-field wpforms-field-name\" data-field-id=\"0\"><label class=\"wpforms-field-label\" for=\"wpforms-1196-field_0\">Ihr Name <span class=\"wpforms-required-label\">*<\/span><\/label><input type=\"text\" id=\"wpforms-1196-field_0\" class=\"wpforms-field-medium wpforms-field-required\" name=\"wpforms[fields][0]\" required><div class=\"wpforms-field-description\">Bei wem d\u00fcrfen wir uns melden?<\/div><\/div><div id=\"wpforms-1196-field_1-container\" class=\"wpforms-field wpforms-field-email\" data-field-id=\"1\"><label class=\"wpforms-field-label\" for=\"wpforms-1196-field_1\">Ihre Email-Adresse <span class=\"wpforms-required-label\">*<\/span><\/label><input type=\"email\" id=\"wpforms-1196-field_1\" class=\"wpforms-field-medium wpforms-field-required\" name=\"wpforms[fields][1]\" spellcheck=\"false\" required><div class=\"wpforms-field-description\">An diese Adresse senden wir Ihnen unser Angebot<\/div><\/div><div id=\"wpforms-1196-field_5-container\" class=\"wpforms-field wpforms-field-text\" data-field-id=\"5\"><label class=\"wpforms-field-label\" for=\"wpforms-1196-field_5\">Telefon<\/label><input type=\"text\" id=\"wpforms-1196-field_5\" class=\"wpforms-field-medium wpforms-limit-characters-enabled\" data-form-id=\"1196\" data-field-id=\"5\" data-text-limit=\"30\" name=\"wpforms[fields][5]\" maxlength=\"30\" ><div class=\"wpforms-field-description\">F\u00fcr einen eventuellen R\u00fcckruf, falls gew\u00fcnscht.<\/div><\/div><div id=\"wpforms-1196-field_4-container\" class=\"wpforms-field wpforms-field-select wpforms-field-select-style-modern\" data-field-id=\"4\"><label class=\"wpforms-field-label\" for=\"wpforms-1196-field_4\">W\u00e4hlen Sie die Artikelgruppe <span class=\"wpforms-required-label\">*<\/span><\/label><select id=\"wpforms-1196-field_4\" class=\"wpforms-field-medium wpforms-field-required choicesjs-select\" data-size-class=\"wpforms-field-row wpforms-field-medium\" data-search-enabled=\"\" name=\"wpforms[fields][4]\" required=\"required\"><option value=\"\" class=\"placeholder\" disabled >&#8211; Please select &#8211;<\/option><option value=\"Versandkartonagen \"  class=\"choice-11 depth-1\"  >Versandkartonagen<\/option><option value=\"Textilien aus unserem Online-Katalog\"  selected='selected' class=\"choice-1 depth-1\"  >Textilien aus unserem Online-Katalog<\/option><option value=\"Drucksachen \"  class=\"choice-7 depth-1\"  >Drucksachen<\/option><option value=\"Werbeartikel\"  class=\"choice-8 depth-1\"  >Werbeartikel<\/option><option value=\"HEADWEAR Caps &amp; Beanies\"  class=\"choice-9 depth-1\"  >HEADWEAR Caps &amp; Beanies<\/option><\/select><\/div><div id=\"wpforms-1196-field_3-container\" class=\"wpforms-field wpforms-field-text\" data-field-id=\"3\"><label class=\"wpforms-field-label\" for=\"wpforms-1196-field_3\">Welchen Artikel d\u00fcrfen wir Ihnen anbieten? <span class=\"wpforms-required-label\">*<\/span><\/label><input type=\"text\" id=\"wpforms-1196-field_3\" class=\"wpforms-field-medium wpforms-field-required\" name=\"wpforms[fields][3]\" required><div class=\"wpforms-field-description\">Nennen Sie uns hier gerne die genaue Artikelnummer<\/div><\/div><div id=\"wpforms-1196-field_2-container\" class=\"wpforms-field wpforms-field-textarea\" data-field-id=\"2\"><label class=\"wpforms-field-label\" for=\"wpforms-1196-field_2\">Falls obiges Feld nicht ausreicht &#8211; hier alle weiteren Angaben bitte.<\/label><textarea id=\"wpforms-1196-field_2\" class=\"wpforms-field-medium\" name=\"wpforms[fields][2]\" ><\/textarea><\/div><\/div><!-- .wpforms-field-container --><div class=\"wpforms-submit-container\" ><input type=\"hidden\" name=\"wpforms[id]\" value=\"1196\"><input type=\"hidden\" name=\"page_title\" value=\"\"><input type=\"hidden\" name=\"page_url\" value=\"https:\/\/ewias.de\/WWW\/wp-json\/wp\/v2\/pages\/1198\"><input type=\"hidden\" name=\"url_referer\" value=\"\"><button type=\"submit\" name=\"wpforms[submit]\" id=\"wpforms-submit-1196\" class=\"wpforms-submit\" data-alt-text=\"Ihre Anfrage wird gesendet...\" data-submit-text=\"Anfrage abschicken!\" aria-live=\"assertive\" value=\"wpforms-submit\">Anfrage abschicken!<\/button><img loading=\"lazy\" decoding=\"async\" src=\"https:\/\/ewias.de\/WWW\/wp-content\/plugins\/wpforms-lite\/assets\/images\/submit-spin.svg\" class=\"wpforms-submit-spinner\" style=\"display: none;\" width=\"26\" height=\"26\" alt=\"Wird geladen\"><\/div><\/form><\/div>  <!-- .wpforms-container -->","protected":false},"excerpt":{"rendered":"<p>Unverbindliche Preisanfrage Sie haben Intresse an einem unerer Artikel und m\u00f6chten gerne Ihren Einkaufspreis sowie die Lieferzeit erfahren? Erhalten Sie Ihren besten Preis an Ihre Email-Adresse, indem Sie das folgende Formularentsprechend ausf\u00fcllen.<\/p>\n","protected":false},"author":1,"featured_media":0,"parent":0,"menu_order":0,"comment_status":"closed","ping_status":"closed","template":"","meta":{"footnotes":""},"class_list":["post-1198","page","type-page","status-publish","hentry"],"_links":{"self":[{"href":"https:\/\/ewias.de\/WWW\/wp-json\/wp\/v2\/pages\/1198","targetHints":{"allow":["GET"]}}],"collection":[{"href":"https:\/\/ewias.de\/WWW\/wp-json\/wp\/v2\/pages"}],"about":[{"href":"https:\/\/ewias.de\/WWW\/wp-json\/wp\/v2\/types\/page"}],"author":[{"embeddable":true,"href":"https:\/\/ewias.de\/WWW\/wp-json\/wp\/v2\/users\/1"}],"replies":[{"embeddable":true,"href":"https:\/\/ewias.de\/WWW\/wp-json\/wp\/v2\/comments?post=1198"}],"version-history":[{"count":5,"href":"https:\/\/ewias.de\/WWW\/wp-json\/wp\/v2\/pages\/1198\/revisions"}],"predecessor-version":[{"id":1544,"href":"https:\/\/ewias.de\/WWW\/wp-json\/wp\/v2\/pages\/1198\/revisions\/1544"}],"wp:attachment":[{"href":"https:\/\/ewias.de\/WWW\/wp-json\/wp\/v2\/media?parent=1198"}],"curies":[{"name":"wp","href":"https:\/\/api.w.org\/{rel}","templated":true}]}}