{"id":41,"date":"2015-01-17T19:23:14","date_gmt":"2015-01-17T19:23:14","guid":{"rendered":"http:\/\/ewias.de\/WWW\/?page_id=41"},"modified":"2025-11-18T15:02:38","modified_gmt":"2025-11-18T14:02:38","slug":"impressum","status":"publish","type":"page","link":"https:\/\/ewias.de\/WWW\/impressum\/","title":{"rendered":"IMPRESSUM"},"content":{"rendered":"<p>IMPRESSUM<\/p>\n<p>EWIAS-TEXBRO \u00a0&#8222;EWITEX&#8220;<br \/>\nInhaber: Eckhard R\u00f6ttger<br \/>\nFadheiderstra\u00dfe 45<br \/>\n47877 Willich<\/p>\n<p>Tel.: 0 21 54 &#8211; 60 64 807<br \/>\nMobil: 0179 &#8211; 893 26 27<\/p>\n<p>e-mail: info(at)ewias(dot)de<br \/>\nSt.-Nr.: 102\/5222\/1550<br \/>\nUSt-IdNr.: DE 234 881 024<\/p>\n<p>Verantwortlich f\u00fcr die Inhalte: Eckhard R\u00f6ttger<\/p>\n<p>Hinweis: Wir erkl\u00e4ren ausdr\u00fccklich, dass wir keinerlei Einfluss auf<br \/>\ndie Gestaltung und die Inhalte der gelinkten Seiten haben. Deshalb<br \/>\ndistanzieren wir uns hiermit ausdr\u00fccklich von allen Inhalten aller<br \/>\ngelinkten Seiten auf unserer Homepage und machen uns diese Inhalte<br \/>\nnicht zu Eigen. Diese Erkl\u00e4rung gilt f\u00fcr alle auf unserer Homepage<br \/>\nangezeigten Links und f\u00fcr alle Inhalte der Seiten, zu denen Links<br \/>\nf\u00fchren.<\/p>\n","protected":false},"excerpt":{"rendered":"<p>IMPRESSUM EWIAS-TEXBRO \u00a0&#8222;EWITEX&#8220; Inhaber: Eckhard R\u00f6ttger Fadheiderstra\u00dfe 45 47877 Willich Tel.: 0 21 54 &#8211; 60 64 807 Mobil: 0179 &#8211; 893 26 27 e-mail: info(at)ewias(dot)de St.-Nr.: 102\/5222\/1550 USt-IdNr.: DE 234 881 024 Verantwortlich f\u00fcr die Inhalte: Eckhard R\u00f6ttger Hinweis: Wir erkl\u00e4ren ausdr\u00fccklich, dass wir keinerlei Einfluss auf die Gestaltung und die Inhalte der gelinkten [&hellip;]<\/p>\n","protected":false},"author":1,"featured_media":0,"parent":0,"menu_order":5,"comment_status":"closed","ping_status":"open","template":"","meta":{"footnotes":""},"class_list":["post-41","page","type-page","status-publish","hentry"],"_links":{"self":[{"href":"https:\/\/ewias.de\/WWW\/wp-json\/wp\/v2\/pages\/41","targetHints":{"allow":["GET"]}}],"collection":[{"href":"https:\/\/ewias.de\/WWW\/wp-json\/wp\/v2\/pages"}],"about":[{"href":"https:\/\/ewias.de\/WWW\/wp-json\/wp\/v2\/types\/page"}],"author":[{"embeddable":true,"href":"https:\/\/ewias.de\/WWW\/wp-json\/wp\/v2\/users\/1"}],"replies":[{"embeddable":true,"href":"https:\/\/ewias.de\/WWW\/wp-json\/wp\/v2\/comments?post=41"}],"version-history":[{"count":16,"href":"https:\/\/ewias.de\/WWW\/wp-json\/wp\/v2\/pages\/41\/revisions"}],"predecessor-version":[{"id":1540,"href":"https:\/\/ewias.de\/WWW\/wp-json\/wp\/v2\/pages\/41\/revisions\/1540"}],"wp:attachment":[{"href":"https:\/\/ewias.de\/WWW\/wp-json\/wp\/v2\/media?parent=41"}],"curies":[{"name":"wp","href":"https:\/\/api.w.org\/{rel}","templated":true}]}}