{"id":85,"date":"2016-11-30T20:16:43","date_gmt":"2016-11-30T20:16:43","guid":{"rendered":"http:\/\/ewias.de\/WWW\/?page_id=85"},"modified":"2022-08-03T10:52:05","modified_gmt":"2022-08-03T08:52:05","slug":"textildruck","status":"publish","type":"page","link":"https:\/\/ewias.de\/WWW\/textildruck\/","title":{"rendered":""},"content":{"rendered":"\n<div class=\"wp-block-group alignwide\"><div class=\"wp-block-group__inner-container is-layout-flow wp-block-group-is-layout-flow\">\n<p class=\"has-large-font-size\"><strong>TEXTILDRUCK <\/strong><\/p>\n\n\n\n<h2 class=\"wp-block-heading\"><mark style=\"background-color:rgba(0, 0, 0, 0)\" class=\"has-inline-color has-vivid-red-color\">Flock- und Flexdruck<\/mark><\/h2>\n\n\n\n<div class=\"wp-block-media-text alignwide is-stacked-on-mobile\"><figure class=\"wp-block-media-text__media\"><img loading=\"lazy\" decoding=\"async\" width=\"800\" height=\"670\" src=\"https:\/\/ewias.de\/WWW\/wp-content\/uploads\/2021\/12\/Rente.jpg\" alt=\"\" class=\"wp-image-1135 size-full\" srcset=\"https:\/\/ewias.de\/WWW\/wp-content\/uploads\/2021\/12\/Rente.jpg 800w, https:\/\/ewias.de\/WWW\/wp-content\/uploads\/2021\/12\/Rente-300x251.jpg 300w, https:\/\/ewias.de\/WWW\/wp-content\/uploads\/2021\/12\/Rente-768x643.jpg 768w, https:\/\/ewias.de\/WWW\/wp-content\/uploads\/2021\/12\/Rente-478x400.jpg 478w\" sizes=\"auto, (max-width: 800px) 100vw, 800px\" \/><\/figure><div class=\"wp-block-media-text__content\">\n<h4 class=\"wp-block-heading\">Flockfolien und Flexfolien erm\u00f6glichen auch bei Kleinstauflagen kosteng\u00fcnstige Druckpreise.<\/h4>\n\n\n\n<h4 class=\"wp-block-heading\">Sie sind besonders gut einsetzbar auf Polo- und T-Shirts sowie Sport- und Freizeitkleidung. Auch Taschen, Kappen, M\u00fctzen und andere Werbemittel k\u00f6nnten auf Anfrage beflockt werden.<\/h4>\n\n\n\n<h4 class=\"wp-block-heading\">Der Aufdruck hat eine hohe Deckkraft, auch auf dunklen Textilien.&nbsp;Er beh\u00e4lt seine Farbbrillanz auch nach h\u00e4ufigem Waschen.<\/h4>\n\n\n\n<h4 class=\"wp-block-heading\">Bei der Umsetzung eines Motivs sind bei dieser Technik leider auch Grenzen gesetzt.<\/h4>\n\n\n\n<p><\/p>\n<\/div><\/div>\n\n\n\n<div class=\"wp-block-columns is-layout-flex wp-container-core-columns-is-layout-9d6595d7 wp-block-columns-is-layout-flex\">\n<div class=\"wp-block-column is-layout-flow wp-block-column-is-layout-flow\" style=\"flex-basis:100%\">\n<div class=\"wp-block-group\"><div class=\"wp-block-group__inner-container is-layout-flow wp-block-group-is-layout-flow\">\n<p><\/p>\n\n\n\n<p><\/p>\n\n\n\n<p><\/p>\n\n\n\n<figure class=\"wp-block-pullquote\"><blockquote><p><strong><span class=\"has-inline-color has-vivid-red-color\">Wir freuen uns auf Ihre Anfrage, auch kleine Auflagen oder Einzeldrucke f\u00fcr Geschenkideen sind m\u00f6glich.<\/span><\/strong><\/p><\/blockquote><\/figure>\n\n\n\n<p><\/p>\n\n\n\n<p><\/p>\n<\/div><\/div>\n<\/div>\n<\/div>\n\n\n\n<div class=\"wp-block-media-text alignwide has-media-on-the-right is-stacked-on-mobile\"><figure class=\"wp-block-media-text__media\"><img loading=\"lazy\" decoding=\"async\" width=\"800\" height=\"600\" src=\"https:\/\/ewias.de\/WWW\/wp-content\/uploads\/2021\/12\/IMG_20201127_005003_725-800x600.jpg\" alt=\"\" class=\"wp-image-1134 size-full\" srcset=\"https:\/\/ewias.de\/WWW\/wp-content\/uploads\/2021\/12\/IMG_20201127_005003_725-800x600.jpg 800w, https:\/\/ewias.de\/WWW\/wp-content\/uploads\/2021\/12\/IMG_20201127_005003_725-300x225.jpg 300w, https:\/\/ewias.de\/WWW\/wp-content\/uploads\/2021\/12\/IMG_20201127_005003_725-768x576.jpg 768w, https:\/\/ewias.de\/WWW\/wp-content\/uploads\/2021\/12\/IMG_20201127_005003_725-1536x1152.jpg 1536w, https:\/\/ewias.de\/WWW\/wp-content\/uploads\/2021\/12\/IMG_20201127_005003_725-533x400.jpg 533w, https:\/\/ewias.de\/WWW\/wp-content\/uploads\/2021\/12\/IMG_20201127_005003_725.jpg 1600w\" sizes=\"auto, (max-width: 800px) 100vw, 800px\" \/><\/figure><div class=\"wp-block-media-text__content\">\n<p><\/p>\n\n\n\n<h4 class=\"wp-block-heading\">Farbverl\u00e4ufe und feine Striche, Konturen und kleine Buchstaben sind mit dieser Technik leider nicht m\u00f6glich. Aus Kostengr\u00fcnden  empfiehlt sich ein 1-farbig, maximal 2-farbiger  Druck.<\/h4>\n\n\n\n<h4 class=\"wp-block-heading\">Die Motive werden seitenverkehrt von einem Plotter aus der Folie geschnitten, entgitttert und mittels einer Thermotransferpresse auf das Textil \u00fcbertragen. <\/h4>\n\n\n\n<h4 class=\"wp-block-heading\">Flock- oder Flexfolien gibt es in verschiedensten Farben und Ausf\u00fchrungen.<\/h4>\n\n\n\n<p><\/p>\n<\/div><\/div>\n<\/div><\/div>\n","protected":false},"excerpt":{"rendered":"<p>TEXTILDRUCK Flock- und Flexdruck Flockfolien und Flexfolien erm\u00f6glichen auch bei Kleinstauflagen kosteng\u00fcnstige Druckpreise. Sie sind besonders gut einsetzbar auf Polo- und T-Shirts sowie Sport- und Freizeitkleidung. Auch Taschen, Kappen, M\u00fctzen und andere Werbemittel k\u00f6nnten auf Anfrage beflockt werden. Der Aufdruck hat eine hohe Deckkraft, auch auf dunklen Textilien.&nbsp;Er beh\u00e4lt seine Farbbrillanz auch nach h\u00e4ufigem Waschen. [&hellip;]<\/p>\n","protected":false},"author":1,"featured_media":0,"parent":0,"menu_order":0,"comment_status":"closed","ping_status":"closed","template":"","meta":{"footnotes":""},"class_list":["post-85","page","type-page","status-publish","hentry"],"_links":{"self":[{"href":"https:\/\/ewias.de\/WWW\/wp-json\/wp\/v2\/pages\/85","targetHints":{"allow":["GET"]}}],"collection":[{"href":"https:\/\/ewias.de\/WWW\/wp-json\/wp\/v2\/pages"}],"about":[{"href":"https:\/\/ewias.de\/WWW\/wp-json\/wp\/v2\/types\/page"}],"author":[{"embeddable":true,"href":"https:\/\/ewias.de\/WWW\/wp-json\/wp\/v2\/users\/1"}],"replies":[{"embeddable":true,"href":"https:\/\/ewias.de\/WWW\/wp-json\/wp\/v2\/comments?post=85"}],"version-history":[{"count":16,"href":"https:\/\/ewias.de\/WWW\/wp-json\/wp\/v2\/pages\/85\/revisions"}],"predecessor-version":[{"id":1298,"href":"https:\/\/ewias.de\/WWW\/wp-json\/wp\/v2\/pages\/85\/revisions\/1298"}],"wp:attachment":[{"href":"https:\/\/ewias.de\/WWW\/wp-json\/wp\/v2\/media?parent=85"}],"curies":[{"name":"wp","href":"https:\/\/api.w.org\/{rel}","templated":true}]}}